{"id":21,"date":"2025-09-14T19:13:07","date_gmt":"2025-09-14T17:13:07","guid":{"rendered":"https:\/\/philippe.martorell.fr\/?page_id=21"},"modified":"2025-11-09T18:46:54","modified_gmt":"2025-11-09T17:46:54","slug":"mes-formats-improvises","status":"publish","type":"page","link":"https:\/\/philippe.martorell.fr\/?page_id=21","title":{"rendered":"Mes formats improvis\u00e9s, en licence  CC-BY"},"content":{"rendered":"\n<p>De 2013 \u00e0 2025, j&rsquo;ai \u00e9crit ou contribu\u00e9 \u00e0 l&rsquo;\u00e9laboration ou \u00e0 l&rsquo;\u00e9criture de plusieurs formats improvis\u00e9s ou semi improvis\u00e9s.<br>Ils sont propos\u00e9s en licence creative commons, c&rsquo;est \u00e0 dire que vous pouvez jouer ces formats, et les adapter selon vos envies et vos besoins avec pour seule contrainte de me citer en tant que source.<\/p>\n\n\n\n<p><\/p>\n\n\n\n<p><strong>Improh-Lanta<\/strong><br>Improh-Lanta est ma premi\u00e8re cr\u00e9ation improvis\u00e9e, inspir\u00e9e de la c\u00e9l\u00e8bre \u00e9mission de t\u00e9l\u00e9r\u00e9alit\u00e9.<br>Le principe : 12 aventuriers improvisateurs, les jaunes et les rouges, s&rsquo;affrontent. A la fin, il ne doit rester qu&rsquo;un survivant.<\/p>\n\n\n\n<p>Dans la premi\u00e8re partie, les  dont les \u00e9preuves arrivent dans une bouteille \u00e0 la mer. Le Brogniart, maitre de jeu, a pour r\u00f4le de pr\u00e9senter les \u00e9preuves et de veiller aux respect des r\u00e8gles des \u00e9preuvres. Apr\u00e8s chaque \u00e9preuve, le public vote pour l&rsquo;\u00e9quipe qui a remport\u00e9 l&rsquo;\u00e9preuve, et l&rsquo;\u00e9quipe remporte un objet \u00ab\u00a0de confort\u00a0\u00bb dont elle peut se servir dans les \u00e9preuves suivantes.<\/p>\n\n\n\n<p>A la fin de la premi\u00e8re partie, les aventuriers s&rsquo;\u00e9liminent entre eux, pour qu&rsquo;en deuxi\u00e8me partie, il ne reste plus qu&rsquo;une \u00e9quipe r\u00e9unifi\u00e9e : les blancs. A la fin de chaque \u00e9preuve de la deuxi\u00e8me partie, un aventurier est \u00e9limin\u00e9 par le public, afin qu&rsquo;il ne reste plus que deux aventuriers pour la derni\u00e8re \u00e9preuve : L&rsquo;\u00e9preuve des potos. Car rien n&rsquo;est plus pr\u00e9cieux qu&rsquo;un bon poto pour faire une belle impro.<\/p>\n\n\n\n<p><strong>Improvision<\/strong><br>Imagin\u00e9 pendant la crise du Covid, improvision est un format d&rsquo;improvisation en distanciel, o\u00f9 deux \u00e9quipes d&rsquo;improvisateurs r\u00e9alisent un diptyque, chacun chez soi face \u00e0 son ordinateur avec skype. Les images sont capt\u00e9es en un point central (la r\u00e9gie) et redistribu\u00e9es en streaming. Chaque \u00e9quipe voit se remettre un postulat de d\u00e9part, \u00e0 partir duquel est une histoire est construite.<\/p>\n\n\n\n<p>CILuedo (version salle)<\/p>\n\n\n\n<p>De l&rsquo;Amour et du Vin<\/p>\n\n\n\n<p>Le Match<\/p>\n\n\n\n<p>Impro&rsquo;Strophes<\/p>\n\n\n\n<p>Les Grincements du Parquet<\/p>\n\n\n\n<p><\/p>\n","protected":false},"excerpt":{"rendered":"<p>De 2013 \u00e0 2025, j&rsquo;ai \u00e9crit ou contribu\u00e9 \u00e0 l&rsquo;\u00e9laboration ou \u00e0 l&rsquo;\u00e9criture de plusieurs formats improvis\u00e9s ou semi improvis\u00e9s.Ils sont propos\u00e9s en licence creative commons, c&rsquo;est \u00e0 dire que vous pouvez jouer ces formats, et les adapter selon vos &hellip; <a href=\"https:\/\/philippe.martorell.fr\/?page_id=21\">Continuer la lecture <span class=\"meta-nav\">&rarr;<\/span><\/a><\/p>\n","protected":false},"author":1,"featured_media":0,"parent":0,"menu_order":0,"comment_status":"closed","ping_status":"closed","template":"","meta":{"footnotes":""},"class_list":["post-21","page","type-page","status-publish","hentry"],"_links":{"self":[{"href":"https:\/\/philippe.martorell.fr\/index.php?rest_route=\/wp\/v2\/pages\/21","targetHints":{"allow":["GET"]}}],"collection":[{"href":"https:\/\/philippe.martorell.fr\/index.php?rest_route=\/wp\/v2\/pages"}],"about":[{"href":"https:\/\/philippe.martorell.fr\/index.php?rest_route=\/wp\/v2\/types\/page"}],"author":[{"embeddable":true,"href":"https:\/\/philippe.martorell.fr\/index.php?rest_route=\/wp\/v2\/users\/1"}],"replies":[{"embeddable":true,"href":"https:\/\/philippe.martorell.fr\/index.php?rest_route=%2Fwp%2Fv2%2Fcomments&post=21"}],"version-history":[{"count":3,"href":"https:\/\/philippe.martorell.fr\/index.php?rest_route=\/wp\/v2\/pages\/21\/revisions"}],"predecessor-version":[{"id":35,"href":"https:\/\/philippe.martorell.fr\/index.php?rest_route=\/wp\/v2\/pages\/21\/revisions\/35"}],"wp:attachment":[{"href":"https:\/\/philippe.martorell.fr\/index.php?rest_route=%2Fwp%2Fv2%2Fmedia&parent=21"}],"curies":[{"name":"wp","href":"https:\/\/api.w.org\/{rel}","templated":true}]}}