{"id":26,"date":"2025-09-16T20:23:28","date_gmt":"2025-09-16T18:23:28","guid":{"rendered":"https:\/\/philippe.martorell.fr\/?page_id=26"},"modified":"2025-09-16T20:23:28","modified_gmt":"2025-09-16T18:23:28","slug":"bio","status":"publish","type":"page","link":"https:\/\/philippe.martorell.fr\/?page_id=26","title":{"rendered":"Bio"},"content":{"rendered":"\n<p>Philippe \u00ab\u00a0Fifou\u00a0\u00bb Martorell.<\/p>\n\n\n\n<p>Quand, apr\u00e8s avoir tourn\u00e9 pendant pas loin de 20 ans autour du th\u00e9\u00e2tre sans jamais avoir fait les bonnes rencontres, Fifou \u2013 qui s\u2019appelle encore Philippe \u2013 d\u00e9couvre l\u2019impro th\u00e9\u00e2trale en 2013, c\u2019est une r\u00e9v\u00e9lation qui deviendra rapidement pour lui un carburant, une n\u00e9cessit\u00e9. Il s\u2019engage dans le Collectif d\u2019Improvisation du L\u00e9man et d\u00e9couvre avec joie les possibilit\u00e9s infinies de l\u2019impro, en atelier et sur sc\u00e8ne. Il inaugure les ImproLabs du CIL en 2016 pour \u00e9veiller les aptitudes dramatiques des improvisateurs, et cr\u00e9exprimenter (mot qui n\u2019existe que dans son dictionnaire personnel).<\/p>\n\n\n\n<p>Entre 2016 et 2025, il cr\u00e9e 7 formats improvis\u00e9s, qui malgr\u00e9 leur plebiscite par improvisateurs et public, auront pour la plupart des vocations \u00e9ph\u00e9m\u00e8res.<\/p>\n\n\n\n<p>En 2019, il est stagiaire de la formation de formateurs en impro men\u00e9e par Nabla Leviste, puis s\u2019engage dans un parcours de formation en th\u00e9\u00e2tre classique avec l\u2019envie de donner profondeur et sinc\u00e9rit\u00e9 \u00e0 son jeu, et appliquer les enseignements qu\u2019il re\u00e7oit \u00e0 l\u2019impro. Ainsi, il int\u00e8gre le cursus th\u00e9\u00e2tre du conservatoire populaire de Gen\u00e8ve et encha\u00eene les stages, \u2013 dont celui du Cours Florent \u2013 coach\u00e9 par des com\u00e9diens et metteurs en sc\u00e8ne professionnels comme H\u00e9l\u00e8ne Capelle ou Bastien Semenzato.<\/p>\n\n\n\n<p>En 2025, apr\u00e8s avoir obtenu son certificat d\u2019\u00e9tudes th\u00e9\u00e2trale de Gen\u00e8ve et en qu\u00eate de sens \u00e0 donner. Son art, il d\u00e9cide de d\u00e9finitvement tourner la page de l\u2019improvisation th\u00e9\u00e2trale en tant que discipline \u00e0 part enti\u00e8re pour se consacrer aux projets qui attendent dans ses tiroirs depuis quelques ann\u00e9es.<\/p>\n\n\n\n<p>Fifou s\u2019essaie aussi \u00e0 la cr\u00e9ation audio, video et photo. Il est un r\u00e9cent contributeur du projet Radio Aporee.<\/p>\n\n\n\n<p>D<\/p>\n","protected":false},"excerpt":{"rendered":"<p>Philippe \u00ab\u00a0Fifou\u00a0\u00bb Martorell. Quand, apr\u00e8s avoir tourn\u00e9 pendant pas loin de 20 ans autour du th\u00e9\u00e2tre sans jamais avoir fait les bonnes rencontres, Fifou \u2013 qui s\u2019appelle encore Philippe \u2013 d\u00e9couvre l\u2019impro th\u00e9\u00e2trale en 2013, c\u2019est une r\u00e9v\u00e9lation qui deviendra &hellip; <a href=\"https:\/\/philippe.martorell.fr\/?page_id=26\">Continuer la lecture <span class=\"meta-nav\">&rarr;<\/span><\/a><\/p>\n","protected":false},"author":1,"featured_media":0,"parent":0,"menu_order":0,"comment_status":"closed","ping_status":"closed","template":"","meta":{"footnotes":""},"class_list":["post-26","page","type-page","status-publish","hentry"],"_links":{"self":[{"href":"https:\/\/philippe.martorell.fr\/index.php?rest_route=\/wp\/v2\/pages\/26","targetHints":{"allow":["GET"]}}],"collection":[{"href":"https:\/\/philippe.martorell.fr\/index.php?rest_route=\/wp\/v2\/pages"}],"about":[{"href":"https:\/\/philippe.martorell.fr\/index.php?rest_route=\/wp\/v2\/types\/page"}],"author":[{"embeddable":true,"href":"https:\/\/philippe.martorell.fr\/index.php?rest_route=\/wp\/v2\/users\/1"}],"replies":[{"embeddable":true,"href":"https:\/\/philippe.martorell.fr\/index.php?rest_route=%2Fwp%2Fv2%2Fcomments&post=26"}],"version-history":[{"count":1,"href":"https:\/\/philippe.martorell.fr\/index.php?rest_route=\/wp\/v2\/pages\/26\/revisions"}],"predecessor-version":[{"id":27,"href":"https:\/\/philippe.martorell.fr\/index.php?rest_route=\/wp\/v2\/pages\/26\/revisions\/27"}],"wp:attachment":[{"href":"https:\/\/philippe.martorell.fr\/index.php?rest_route=%2Fwp%2Fv2%2Fmedia&parent=26"}],"curies":[{"name":"wp","href":"https:\/\/api.w.org\/{rel}","templated":true}]}}